{"id":425,"date":"2016-03-07T12:57:16","date_gmt":"2016-03-07T12:57:16","guid":{"rendered":"http:\/\/185.56.146.145\/~roberin01\/de\/?page_id=425"},"modified":"2016-06-06T09:58:11","modified_gmt":"2016-06-06T07:58:11","slug":"cookies","status":"publish","type":"page","link":"https:\/\/precisionmakersnet.com\/de\/cookies\/","title":{"rendered":"Cookies"},"content":{"rendered":"<div class=\"flex_column av_one_full  flex_column_div av-zero-column-padding first  \" style='border-radius:0px; '><div style='padding-bottom:30px;' class='av-special-heading av-special-heading-h2   '><h2 class='av-special-heading-tag'  itemprop=\"headline\"  >Cookies<\/h2><div class='special-heading-border'><div class='special-heading-inner-border' ><\/div><\/div><\/div><\/div>\n<div class=\"flex_column av_one_full  flex_column_div av-zero-column-padding first  \" style='border-radius:0px; '><section class=\"av_textblock_section\"  itemscope=\"itemscope\" itemtype=\"https:\/\/schema.org\/CreativeWork\" ><div class='avia_textblock '   itemprop=\"text\" ><div id=\"c416\" class=\"csc-default\">\n<div id=\"c416\" class=\"csc-default\">\n<div id=\"c416\" class=\"csc-default\">\n<div id=\"c684\" class=\"csc-default\">\n<div>\n<p>Diese Website verwendet Google Analytics, einen Webanalyse-Service, der von Google Inc. (\u201eGoogle\u201c) angeboten wird. Google Analytics verwendet \u201eCookies\u201c (Textdateien, die auf Ihrem Computer gespeichert werden), um die Website dahingehende zu analysieren, wie Besucher die Website nutzen. Die von den Cookies generierten Informationen \u00fcber Ihr Nutzungsverhalten auf der Website (einschlie\u00dflich Ihrer IP-Adresse) werden von Google auf Servern in den USA gespeichert.<\/p>\n<p>Google verwendet diese Informationen, um zu verfolgen, wie Sie die Website nutzen, um f\u00fcr Website-Betreiber Berichte \u00fcber die Website-Aktivit\u00e4ten zu erstellen sowie weitere Dienste in Bezug auf Website-Aktivit\u00e4ten und Internetnutzung anzubieten.<\/p>\n<p>Google darf diese Informationen an Dritte weitergeben, sofern Google diesbez\u00fcglich gesetzlich verpflichtet ist oder sofern Dritte diese Informationen im Namen von Google verarbeiten. Google wird Ihre IP-Adresse nicht mit anderen Daten kombinieren, \u00fcber die Google verf\u00fcgt.<\/p>\n<p>Sie k\u00f6nnen die Verwendung von Cookies ablehnen, indem Sie in Ihrem Browser die entsprechenden Einstellungen w\u00e4hlen. Wir m\u00f6chten Sie jedoch darauf hinweisen, dass Sie in diesem Fall eventuell nicht alle M\u00f6glichkeiten dieser Website nutzen k\u00f6nnen. Durch die Nutzung dieser Website stimmen Sie einer Verarbeitung der Informationen auf die oben beschriebene Weise und zu den oben genannten Zwecken durch Google zu.<\/p>\n<p>Die Verwendung von Cookies wird von den Nutzern allgemein akzeptiert. Sie finden diese auf nahezu allen wichtigen Websites. Wenn Sie die Verwendung von Cookies in Ihrem Browser deaktivieren, k\u00f6nnen wir den vollen Funktionsumfang unseres Angebotes nicht garantieren.<\/p>\n<\/div>\n<p>Webmaster DPC<\/p>\n<\/div>\n<\/div>\n<\/div>\n<\/div>\n<\/div><\/section><\/div><div style='height:250px' class='hr hr-invisible '><span class='hr-inner ' ><span class='hr-inner-style'><\/span><\/span><\/div><\/p>\n","protected":false},"excerpt":{"rendered":"","protected":false},"author":56,"featured_media":0,"parent":0,"menu_order":4,"comment_status":"closed","ping_status":"closed","template":"","meta":{"footnotes":""},"class_list":["post-425","page","type-page","status-publish","hentry"],"_links":{"self":[{"href":"https:\/\/precisionmakersnet.com\/de\/wp-json\/wp\/v2\/pages\/425\/"}],"collection":[{"href":"https:\/\/precisionmakersnet.com\/de\/wp-json\/wp\/v2\/pages\/"}],"about":[{"href":"https:\/\/precisionmakersnet.com\/de\/wp-json\/wp\/v2\/types\/page\/"}],"author":[{"embeddable":true,"href":"https:\/\/precisionmakersnet.com\/de\/wp-json\/wp\/v2\/users\/56\/"}],"replies":[{"embeddable":true,"href":"https:\/\/precisionmakersnet.com\/de\/wp-json\/wp\/v2\/comments\/?post=425"}],"version-history":[{"count":3,"href":"https:\/\/precisionmakersnet.com\/de\/wp-json\/wp\/v2\/pages\/425\/revisions\/"}],"predecessor-version":[{"id":9454,"href":"https:\/\/precisionmakersnet.com\/de\/wp-json\/wp\/v2\/pages\/425\/revisions\/9454\/"}],"wp:attachment":[{"href":"https:\/\/precisionmakersnet.com\/de\/wp-json\/wp\/v2\/media\/?parent=425"}],"curies":[{"name":"wp","href":"https:\/\/api.w.org\/{rel}","templated":true}]}}