{"id":222,"date":"2016-03-07T07:50:24","date_gmt":"2016-03-07T07:50:24","guid":{"rendered":"http:\/\/185.56.146.145\/~roberin01\/de\/?page_id=222"},"modified":"2018-02-12T14:04:13","modified_gmt":"2018-02-12T13:04:13","slug":"roberine","status":"publish","type":"page","link":"https:\/\/precisionmakersnet.com\/de\/","title":{"rendered":"Precisionmakers"},"content":{"rendered":"<div class=\"flex_column av_one_full  flex_column_div av-zero-column-padding first  \" style='border-radius:0px; '><div class='avia-image-container  av-styling-no-styling   avia-align-center '  itemscope=\"itemscope\" itemtype=\"https:\/\/schema.org\/ImageObject\"  ><div class='avia-image-container-inner'><img class='avia_image ' src='https:\/\/precisionmakersnet.com\/wp-content\/uploads\/2018\/02\/precisionmakers-greenbot.jpeg' alt='' title='precisionmakers-greenbot'   itemprop=\"thumbnailUrl\"  \/><\/div><\/div><\/div>\n<div class=\"flex_column av_one_full  flex_column_div av-zero-column-padding first  \" style='border-radius:0px; '><section class=\"av_textblock_section\"  itemscope=\"itemscope\" itemtype=\"https:\/\/schema.org\/CreativeWork\" ><div class='avia_textblock '   itemprop=\"text\" ><h1>PRECISION MAKERS | WIR LASSEN MASCHINEN SELBST ARBEITEN<\/h1>\n<\/div><\/section><br \/>\n<section class=\"av_textblock_section\"  itemscope=\"itemscope\" itemtype=\"https:\/\/schema.org\/CreativeWork\" ><div class='avia_textblock '   itemprop=\"text\" ><div class=\"introfront\">In den n\u00e4chsten f\u00fcnfzig Jahren wird die Menschheit die verf\u00fcgbaren landwirtschaftlichen Fl\u00e4chen noch effizienter benutzen m\u00fcssen, als dies heutzutage der Fall ist. Automatisierung und Robotisierung m\u00fcssen in diesem Bereich f\u00fcr einen Durchbruch sorgen. Precision Makers ist vielleicht das erste Unternehmen weltweit, das ganz auf die Automatisierung der Gr\u00fcnbranche spezialisiert ist. Precision Makers bietet eine gro\u00dfe Anzahl an L\u00f6sungen f\u00fcr den professionellen Einsatz in der Gr\u00fcnbranche. Greenbots, Roboterpakete, Mess- und Regelsysteme sowie GPS-Produkte. Als Teil des erfolgreichen Unternehmens Dutch Power Company (DPC) gibt es gen\u00fcgend Raum f\u00fcr Innovation und Expansion.\u00a0Die Firmen von DPC haben in Europa die Basis geschaffen f\u00fcr die effiziente Regelung des Wasserhaushalts, die Pflege \u00f6ffentlicher R\u00e4ume und das Bearbeiten landwirtschaftlicher B\u00f6den. Unternehmen, die auch weltweit tonangebend sind.<br \/>\nPrecision Makers ist der logische n\u00e4chste Schritt in der Mechanisierung der Gr\u00fcnbranche. Wir streben danach, alle Arbeiten zu automatisieren und damit den Arbeitskr\u00e4ftebedarf zu senken. Wir lassen Maschinen arbeiten, und in diesem Streben sind wir anderen einen Schritt voraus.<\/div>\n<\/div><\/section><\/p><\/div>\n<div style='height:50px' class='hr hr-invisible '><span class='hr-inner ' ><span class='hr-inner-style'><\/span><\/span><\/div>\n","protected":false},"excerpt":{"rendered":"","protected":false},"author":56,"featured_media":0,"parent":0,"menu_order":1,"comment_status":"closed","ping_status":"closed","template":"","meta":{"footnotes":""},"class_list":["post-222","page","type-page","status-publish","hentry"],"_links":{"self":[{"href":"https:\/\/precisionmakersnet.com\/de\/wp-json\/wp\/v2\/pages\/222\/"}],"collection":[{"href":"https:\/\/precisionmakersnet.com\/de\/wp-json\/wp\/v2\/pages\/"}],"about":[{"href":"https:\/\/precisionmakersnet.com\/de\/wp-json\/wp\/v2\/types\/page\/"}],"author":[{"embeddable":true,"href":"https:\/\/precisionmakersnet.com\/de\/wp-json\/wp\/v2\/users\/56\/"}],"replies":[{"embeddable":true,"href":"https:\/\/precisionmakersnet.com\/de\/wp-json\/wp\/v2\/comments\/?post=222"}],"version-history":[{"count":12,"href":"https:\/\/precisionmakersnet.com\/de\/wp-json\/wp\/v2\/pages\/222\/revisions\/"}],"predecessor-version":[{"id":9503,"href":"https:\/\/precisionmakersnet.com\/de\/wp-json\/wp\/v2\/pages\/222\/revisions\/9503\/"}],"wp:attachment":[{"href":"https:\/\/precisionmakersnet.com\/de\/wp-json\/wp\/v2\/media\/?parent=222"}],"curies":[{"name":"wp","href":"https:\/\/api.w.org\/{rel}","templated":true}]}}